{"id":3,"date":"2024-03-21T09:57:25","date_gmt":"2024-03-21T08:57:25","guid":{"rendered":"https:\/\/viabovio28.paolalenti-milano.it\/?page_id=3"},"modified":"2024-04-11T15:46:25","modified_gmt":"2024-04-11T13:46:25","slug":"privacy-policy","status":"publish","type":"page","link":"https:\/\/viabovio28.paolalenti-milano.it\/it\/privacy-policy\/","title":{"rendered":"Privacy Policy"},"content":{"rendered":"<div class=\"wpb-content-wrapper\"><p>[vc_row][vc_column][vc_empty_space][vc_column_text]<\/p>\n<h2>Privacy Policy<\/h2>\n<p>[\/vc_column_text][\/vc_column][\/vc_row][vc_row][vc_column][vc_column_text]<strong>Informativa in merito al trattamento dei dati personali ai sensi dell&#8217;art.13 del &#8220;Regolamento (UE) 2016\/679 del Parlamento Europeo e del Consiglio del 27 aprile 2016 relativo alla protezione delle persone fisiche con riguardo al trattamento dei dati personali,\u00a0nonch\u00e9 alla libera circolazione di tali dati e che abroga la\u00a0direttavi a 95\/46\/CE&#8221; (&#8220;GDPR&#8221;)<\/strong><\/p>\n<p><em>Gentile Utente,<\/em><br \/>\nnell\u2019ambito dell\u2019erogazione del servizio di newsletter finalizzato ad inviarle\u00a0\u00a0informazioni relative alle nostre attivit\u00e0 quali ad esempio promozioni commerciali, il titolare dei dati ha necessit\u00e0 di\u00a0<strong>trattare i\u00a0\u00a0suoi dati<\/strong>\u00a0personali di contatto, quali ad esempio nominativo, indirizzo email, numero di telefono, etc. Tali dati ci sono da lei facoltativamente conferiti quando decide di iscriverti alla nostra newsletter o ci invia richieste di informazioni mediante il nostro sito internet.<br \/>\nA questo proposito desideriamo informarla che Paola Lenti Srl (<strong>Titolare del Trattamento<\/strong>) tratta i suoi dati personali esclusivamente per le\u00a0<strong>finalit\u00e0 di erogazione del servizio di newsletter\u00a0<\/strong>e di\u00a0<strong>richieste di contatto\u00a0<\/strong>come sopra richiamato.<br \/>\nI suoi dati personali\u00a0\u00a0potranno essere trattati in modalit\u00e0\u00a0<strong>cartacea o informatica<\/strong>\u00a0e saranno\u00a0<strong>protetti\u00a0<\/strong>dai rischi di perdita di integrit\u00e0, disponibilit\u00e0 e riservatezza mediante l\u2019adozione di specifiche misure tecnico organizzative.<br \/>\nI suoi dati personali\u00a0<strong>non sono oggetto di diffusione\u00a0<\/strong>e possono essere da noi comunicati a soggetti esterni\u00a0\u00a0quali ad es. fornitori di servizi amministrativi, di comunicazione, IT, etc. (\u201cResponsabili del Trattamento\u201d) che li tratteranno solo per le finalit\u00e0 sopra individuate nel rispetto di adeguate misure tecnico organizzative applicabili alla protezione di tali dati.<br \/>\nI suoi dati personali saranno da noi conservati per\u00a0<strong>tutta la durata di erogazione del servizio<\/strong>\u00a0in oggetto.<br \/>\nIn qualsiasi momento pu\u00f2\u00a0<strong>revocare il consenso<\/strong>\u00a0al trattamento dei suoi dati mediante il semplice invio di un\u2019email.<br \/>\nLa informiamo che il GDPR (Capo II Diritti dell\u2019Interessato)\u00a0<strong>le conferisce alcuni diritti\u00a0<\/strong>tra cui il diritto di: 1) chiedere in\u00a0\u00a0ogni momento informazioni in merito al trattamento dei suoi dati personali; 2)\u00a0\u00a0richiederne l\u2019aggiornamento, l\u2019integrazione e\/o la rettifica, se inesatti o incompleti, o la cancellazione dei suoi dati personali ; 3) limitare o opporsi al trattamento dei suoi dati. La informiamo\u00a0\u00a0inoltre che ha il diritto di rivolgersi all\u2019Autorit\u00e0\u00a0\u00a0Garante Privacy, anche attraverso la presentazione di un reclamo per la tutela dei suoi dati personali e dei suoi diritti.<br \/>\nPer qualsiasi questione attinente al trattamento dei suoi dati personali\u00a0\u00a0pu\u00f2 rivolgerti a Paola Lenti Srl, quale Titolare del Trattamento, scrivendo all\u2019indirizzo email: privacy@paolalenti.it<\/p>\n<p>PAOLA LENTI SRL desidera informarla sulle finalit\u00e0 e delle modalit\u00e0 di trattamento dei dati personali delle persone fisiche ai sensi del GDPR eventualmente trattati da PAOLA LENTI SRL nonch\u00e9 dei correlati diritti in merito a tali trattamenti.<\/p>\n<p><strong>Finalit\u00e0 del trattamento e natura dei principali dati trattati.<\/strong><br \/>\nPAOLA LENTI SRL tratta i dati personali delle persone fisiche\u00a0\u00a0esclusivamente per le seguenti finalit\u00e0:<br \/>\n1.\u00a0\u00a0\u00a0\u00a0\u00a0Finalit\u00e0 contrattuali, inerenti l\u2019instaurazione e la gestione\u00a0\u00a0del rapporto contrattuale;<br \/>\n2.\u00a0\u00a0\u00a0\u00a0\u00a0Finalit\u00e0 amministrative, inerenti la gestione dei rapporti amministrativi correlati al rapporto contrattuale in essere.<\/p>\n<p><strong>Principali modalit\u00e0 di trattamento dei dati<\/strong><br \/>\nPAOLA LENTI SRL minimizza la raccolta ed il trattamento dei dati personali allo stretto indispensabile rispetto alle finalit\u00e0 perseguite.<br \/>\nI dati possono essere trattati sia in modalit\u00e0 cartacea sia in modalit\u00e0 informatica.<br \/>\nPAOLA LENTI SRL, previa valutazione dei rischi e dove applicabile dell\u2019impatto sulla protezione dei dati personali correlati alla perdita di obiettivi di riservatezza, disponibilit\u00e0 e integrit\u00e0 delle informazioni trattate, pianifica e adotta le necessarie misure tecnico organizzative per\u00a0\u00a0minimizzare tali rischi. Questo anche al fine di garantire la resilienza dei trattamenti effettuati nell\u2019ambito della pi\u00f9 generale esigenza di assicurare la continuit\u00e0 dei servizi erogati.<\/p>\n<p><strong>Base giuridica del trattamento<\/strong><br \/>\nLa comunicazione dei dati personali per le finalit\u00e0 contrattuali\u00a0\u00a0\u00e8 necessaria per poter instaurare e gestire il rapporto contrattuale.<br \/>\nIl diniego del consenso al trattamento implica l\u2019impossibilit\u00e0 di instaurare e mantenere il rapporto contrattuale.<\/p>\n<p><strong>Comunicazione o diffusione dei dati trattati<\/strong><br \/>\nPAOLA LENTI SRL non diffonde\u00a0\u00a0o comunica a terzi i\u00a0\u00a0suoi dati personali per finalit\u00e0 esterne a quelle sopra evidenziate.<\/p>\n<p><strong>Trattamento da parte di soggetti terzi<\/strong><br \/>\nPAOLA LENTI SRL pu\u00f2 avvalersi per il trattamento dei suoi dati nell\u2019ambito delle finalit\u00e0 sopra elencate\u00a0\u00a0dell\u2019ausilio di soggetti terzi\u00a0\u00a0quali:<br \/>\n1.\u00a0\u00a0\u00a0\u00a0\u00a0Fornitori di servizi amministrativi,\u00a0\u00a0quali ad esempio commercialisti;<br \/>\n2.\u00a0\u00a0\u00a0\u00a0\u00a0Fornitori di servizi di assistenza tecnica sui sistemi IT.<br \/>\nIn questo caso PAOLA LENTI SRL dispone affinch\u00e9 tali soggetti possano trattare i suoi dati personali esclusivamente per lo svolgimento delle attivit\u00e0 di competenza strettamente correlate alle finalit\u00e0 precedentemente definite e nel rispetto di adeguate misure tecnico organizzative di protezione dei dati.<\/p>\n<p><strong>Informativa ed esercizio dei diritti dell\u2019Interessato al trattamento<\/strong><br \/>\nPAOLA LENTI SRL,\u00a0\u00a0titolare del trattamento, desidera informarla dei diritti che il GDRP le conferisce, in qualit\u00e0 di soggetto interessato al trattamento. Tali diritti sono\u00a0\u00a0riportati nell\u2019Art. 13 del GDPR e riguardano:<br \/>\n1.\u00a0\u00a0\u00a0\u00a0\u00a0il\u00a0\u00a0diritto dell&#8217;interessato di chiedere al titolare del trattamento l&#8217;accesso ai dati personali;<br \/>\n2.\u00a0\u00a0\u00a0\u00a0\u00a0il diritto dell&#8217;interessato di chiedere al titolare la rettifica o la cancellazione degli stessi o la limitazione del trattamento;<br \/>\n3.\u00a0\u00a0\u00a0\u00a0\u00a0il\u00a0\u00a0diritto dell&#8217;interessato di opporsi al loro trattamento;<br \/>\n4.\u00a0\u00a0\u00a0\u00a0\u00a0il\u00a0\u00a0diritto dell&#8217;interessato alla portabilit\u00e0 dei dati;<br \/>\n5.\u00a0\u00a0\u00a0\u00a0\u00a0il diritto dell\u2019interessato di proporre reclamo a un&#8217;autorit\u00e0 di controllo.<\/p>\n<p><strong>Periodo di conservazione dei dati personali e criteri di riferimento<\/strong><br \/>\nPAOLA LENTI SRL conserva i dati personali trattati con riferimento ai seguenti criteri:<br \/>\n1.\u00a0\u00a0\u00a0\u00a0\u00a0rispetto dei requisiti applicabili alla durata del rapporto contrattuale in essere;<br \/>\n2.\u00a0\u00a0\u00a0\u00a0\u00a0rispetto di requisiti amministrativi e fiscali come da normativa applicabile.<\/p>\n<p><strong>Titolare\u00a0\u00a0del Trattamento<\/strong><br \/>\nTitolare del Trattamento dei suoi dati personali\u00a0\u00a0\u00e8 PAOLA LENTI SRL con sede legale in Viale Bianca Maria, 28, Milano (MI) e sede operativa in via Po, 100\/a, Meda (MB). Per ogni richiesta di informazioni\u00a0\u00a0in merito ai trattamenti svolti sui suoi dati personali nonch\u00e9 per l\u2019esercizio dei suoi diritti\u00a0\u00a0di cui all\u2019art.13\u00a0\u00a0del GDPR\u00a0\u00a0pu\u00f2 far riferimento al seguente indirizzo di posta elettronica:\u00a0<a href=\"mailto:privacy@paolalenti.it\">privacy@paolalenti.it<\/a><\/p>\n<p>PAOLA LENTI SRL[\/vc_column_text][\/vc_column][\/vc_row]<\/p>\n<\/div>","protected":false},"excerpt":{"rendered":"<p>[vc_row][vc_column][vc_empty_space][vc_column_text] Privacy Policy [\/vc_column_text][\/vc_column][\/vc_row][vc_row][vc_column][vc_column_text]Informativa in merito al trattamento dei dati personali ai sensi dell&#8217;art.13 del &#8220;Regolamento (UE) 2016\/679 del Parlamento Europeo e del Consiglio del 27 aprile 2016 relativo alla protezione delle persone fisiche con riguardo al trattamento dei dati personali,\u00a0nonch\u00e9 alla libera circolazione di tali dati e che abroga la\u00a0direttavi a 95\/46\/CE&#8221; (&#8220;GDPR&#8221;) Gentile [&hellip;]<\/p>\n","protected":false},"author":1,"featured_media":0,"parent":0,"menu_order":0,"comment_status":"closed","ping_status":"closed","template":"","meta":{"_acf_changed":false,"footnotes":""},"class_list":["post-3","page","type-page","status-publish","hentry"],"acf":[],"yoast_head":"<!-- This site is optimized with the Yoast SEO plugin v22.3 - https:\/\/yoast.com\/wordpress\/plugins\/seo\/ -->\n<title>Privacy Policy - Paola Lenti<\/title>\n<meta name=\"robots\" content=\"index, follow, max-snippet:-1, max-image-preview:large, max-video-preview:-1\" \/>\n<link rel=\"canonical\" href=\"https:\/\/viabovio28.paolalenti-milano.it\/it\/privacy-policy\/\" \/>\n<meta property=\"og:locale\" content=\"it_IT\" \/>\n<meta property=\"og:type\" content=\"article\" \/>\n<meta property=\"og:title\" content=\"Privacy Policy - Paola Lenti\" \/>\n<meta property=\"og:description\" content=\"[vc_row][vc_column][vc_empty_space][vc_column_text] Privacy Policy [\/vc_column_text][\/vc_column][\/vc_row][vc_row][vc_column][vc_column_text]Informativa in merito al trattamento dei dati personali ai sensi dell&#8217;art.13 del &#8220;Regolamento (UE) 2016\/679 del Parlamento Europeo e del Consiglio del 27 aprile 2016 relativo alla protezione delle persone fisiche con riguardo al trattamento dei dati personali,\u00a0nonch\u00e9 alla libera circolazione di tali dati e che abroga la\u00a0direttavi a 95\/46\/CE&#8221; (&#8220;GDPR&#8221;) Gentile [&hellip;]\" \/>\n<meta property=\"og:url\" content=\"https:\/\/viabovio28.paolalenti-milano.it\/it\/privacy-policy\/\" \/>\n<meta property=\"og:site_name\" content=\"Paola Lenti\" \/>\n<meta property=\"article:publisher\" content=\"https:\/\/www.facebook.com\/paolalentiofficial\" \/>\n<meta property=\"article:modified_time\" content=\"2024-04-11T13:46:25+00:00\" \/>\n<meta name=\"twitter:card\" content=\"summary_large_image\" \/>\n<meta name=\"twitter:label1\" content=\"Tempo di lettura stimato\" \/>\n\t<meta name=\"twitter:data1\" content=\"6 minuti\" \/>\n<script type=\"application\/ld+json\" class=\"yoast-schema-graph\">{\"@context\":\"https:\/\/schema.org\",\"@graph\":[{\"@type\":\"WebPage\",\"@id\":\"https:\/\/viabovio28.paolalenti-milano.it\/it\/privacy-policy\/\",\"url\":\"https:\/\/viabovio28.paolalenti-milano.it\/it\/privacy-policy\/\",\"name\":\"Privacy Policy - Paola Lenti\",\"isPartOf\":{\"@id\":\"https:\/\/viabovio28.paolalenti-milano.it\/it\/#website\"},\"datePublished\":\"2024-03-21T08:57:25+00:00\",\"dateModified\":\"2024-04-11T13:46:25+00:00\",\"breadcrumb\":{\"@id\":\"https:\/\/viabovio28.paolalenti-milano.it\/it\/privacy-policy\/#breadcrumb\"},\"inLanguage\":\"it-IT\",\"potentialAction\":[{\"@type\":\"ReadAction\",\"target\":[\"https:\/\/viabovio28.paolalenti-milano.it\/it\/privacy-policy\/\"]}]},{\"@type\":\"BreadcrumbList\",\"@id\":\"https:\/\/viabovio28.paolalenti-milano.it\/it\/privacy-policy\/#breadcrumb\",\"itemListElement\":[{\"@type\":\"ListItem\",\"position\":1,\"name\":\"Home\",\"item\":\"https:\/\/viabovio28.paolalenti-milano.it\/it\/\"},{\"@type\":\"ListItem\",\"position\":2,\"name\":\"Privacy Policy\"}]},{\"@type\":\"WebSite\",\"@id\":\"https:\/\/viabovio28.paolalenti-milano.it\/it\/#website\",\"url\":\"https:\/\/viabovio28.paolalenti-milano.it\/it\/\",\"name\":\"Paola Lenti\",\"description\":\"\",\"publisher\":{\"@id\":\"https:\/\/viabovio28.paolalenti-milano.it\/it\/#organization\"},\"potentialAction\":[{\"@type\":\"SearchAction\",\"target\":{\"@type\":\"EntryPoint\",\"urlTemplate\":\"https:\/\/viabovio28.paolalenti-milano.it\/it\/?s={search_term_string}\"},\"query-input\":\"required name=search_term_string\"}],\"inLanguage\":\"it-IT\"},{\"@type\":\"Organization\",\"@id\":\"https:\/\/viabovio28.paolalenti-milano.it\/it\/#organization\",\"name\":\"Paola Lenti\",\"url\":\"https:\/\/viabovio28.paolalenti-milano.it\/it\/\",\"logo\":{\"@type\":\"ImageObject\",\"inLanguage\":\"it-IT\",\"@id\":\"https:\/\/viabovio28.paolalenti-milano.it\/it\/#\/schema\/logo\/image\/\",\"url\":\"https:\/\/viabovio28.paolalenti-milano.it\/wp-content\/uploads\/2024\/03\/logo.svg\",\"contentUrl\":\"https:\/\/viabovio28.paolalenti-milano.it\/wp-content\/uploads\/2024\/03\/logo.svg\",\"width\":\"187.916\",\"height\":\"93.347\",\"caption\":\"Paola Lenti\"},\"image\":{\"@id\":\"https:\/\/viabovio28.paolalenti-milano.it\/it\/#\/schema\/logo\/image\/\"},\"sameAs\":[\"https:\/\/www.facebook.com\/paolalentiofficial\",\"https:\/\/www.instagram.com\/paola_lenti_official\/\",\"https:\/\/www.pinterest.it\/paolalenti_official\/\",\"https:\/\/www.linkedin.com\/company\/paola-lenti-srl\/\",\"https:\/\/vimeo.com\/user99673143\"]}]}<\/script>\n<!-- \/ Yoast SEO plugin. -->","yoast_head_json":{"title":"Privacy Policy - Paola Lenti","robots":{"index":"index","follow":"follow","max-snippet":"max-snippet:-1","max-image-preview":"max-image-preview:large","max-video-preview":"max-video-preview:-1"},"canonical":"https:\/\/viabovio28.paolalenti-milano.it\/it\/privacy-policy\/","og_locale":"it_IT","og_type":"article","og_title":"Privacy Policy - Paola Lenti","og_description":"[vc_row][vc_column][vc_empty_space][vc_column_text] Privacy Policy [\/vc_column_text][\/vc_column][\/vc_row][vc_row][vc_column][vc_column_text]Informativa in merito al trattamento dei dati personali ai sensi dell&#8217;art.13 del &#8220;Regolamento (UE) 2016\/679 del Parlamento Europeo e del Consiglio del 27 aprile 2016 relativo alla protezione delle persone fisiche con riguardo al trattamento dei dati personali,\u00a0nonch\u00e9 alla libera circolazione di tali dati e che abroga la\u00a0direttavi a 95\/46\/CE&#8221; (&#8220;GDPR&#8221;) Gentile [&hellip;]","og_url":"https:\/\/viabovio28.paolalenti-milano.it\/it\/privacy-policy\/","og_site_name":"Paola Lenti","article_publisher":"https:\/\/www.facebook.com\/paolalentiofficial","article_modified_time":"2024-04-11T13:46:25+00:00","twitter_card":"summary_large_image","twitter_misc":{"Tempo di lettura stimato":"6 minuti"},"schema":{"@context":"https:\/\/schema.org","@graph":[{"@type":"WebPage","@id":"https:\/\/viabovio28.paolalenti-milano.it\/it\/privacy-policy\/","url":"https:\/\/viabovio28.paolalenti-milano.it\/it\/privacy-policy\/","name":"Privacy Policy - Paola Lenti","isPartOf":{"@id":"https:\/\/viabovio28.paolalenti-milano.it\/it\/#website"},"datePublished":"2024-03-21T08:57:25+00:00","dateModified":"2024-04-11T13:46:25+00:00","breadcrumb":{"@id":"https:\/\/viabovio28.paolalenti-milano.it\/it\/privacy-policy\/#breadcrumb"},"inLanguage":"it-IT","potentialAction":[{"@type":"ReadAction","target":["https:\/\/viabovio28.paolalenti-milano.it\/it\/privacy-policy\/"]}]},{"@type":"BreadcrumbList","@id":"https:\/\/viabovio28.paolalenti-milano.it\/it\/privacy-policy\/#breadcrumb","itemListElement":[{"@type":"ListItem","position":1,"name":"Home","item":"https:\/\/viabovio28.paolalenti-milano.it\/it\/"},{"@type":"ListItem","position":2,"name":"Privacy Policy"}]},{"@type":"WebSite","@id":"https:\/\/viabovio28.paolalenti-milano.it\/it\/#website","url":"https:\/\/viabovio28.paolalenti-milano.it\/it\/","name":"Paola Lenti","description":"","publisher":{"@id":"https:\/\/viabovio28.paolalenti-milano.it\/it\/#organization"},"potentialAction":[{"@type":"SearchAction","target":{"@type":"EntryPoint","urlTemplate":"https:\/\/viabovio28.paolalenti-milano.it\/it\/?s={search_term_string}"},"query-input":"required name=search_term_string"}],"inLanguage":"it-IT"},{"@type":"Organization","@id":"https:\/\/viabovio28.paolalenti-milano.it\/it\/#organization","name":"Paola Lenti","url":"https:\/\/viabovio28.paolalenti-milano.it\/it\/","logo":{"@type":"ImageObject","inLanguage":"it-IT","@id":"https:\/\/viabovio28.paolalenti-milano.it\/it\/#\/schema\/logo\/image\/","url":"https:\/\/viabovio28.paolalenti-milano.it\/wp-content\/uploads\/2024\/03\/logo.svg","contentUrl":"https:\/\/viabovio28.paolalenti-milano.it\/wp-content\/uploads\/2024\/03\/logo.svg","width":"187.916","height":"93.347","caption":"Paola Lenti"},"image":{"@id":"https:\/\/viabovio28.paolalenti-milano.it\/it\/#\/schema\/logo\/image\/"},"sameAs":["https:\/\/www.facebook.com\/paolalentiofficial","https:\/\/www.instagram.com\/paola_lenti_official\/","https:\/\/www.pinterest.it\/paolalenti_official\/","https:\/\/www.linkedin.com\/company\/paola-lenti-srl\/","https:\/\/vimeo.com\/user99673143"]}]}},"_links":{"self":[{"href":"https:\/\/viabovio28.paolalenti-milano.it\/it\/wp-json\/wp\/v2\/pages\/3","targetHints":{"allow":["GET"]}}],"collection":[{"href":"https:\/\/viabovio28.paolalenti-milano.it\/it\/wp-json\/wp\/v2\/pages"}],"about":[{"href":"https:\/\/viabovio28.paolalenti-milano.it\/it\/wp-json\/wp\/v2\/types\/page"}],"author":[{"embeddable":true,"href":"https:\/\/viabovio28.paolalenti-milano.it\/it\/wp-json\/wp\/v2\/users\/1"}],"replies":[{"embeddable":true,"href":"https:\/\/viabovio28.paolalenti-milano.it\/it\/wp-json\/wp\/v2\/comments?post=3"}],"version-history":[{"count":5,"href":"https:\/\/viabovio28.paolalenti-milano.it\/it\/wp-json\/wp\/v2\/pages\/3\/revisions"}],"predecessor-version":[{"id":2235,"href":"https:\/\/viabovio28.paolalenti-milano.it\/it\/wp-json\/wp\/v2\/pages\/3\/revisions\/2235"}],"wp:attachment":[{"href":"https:\/\/viabovio28.paolalenti-milano.it\/it\/wp-json\/wp\/v2\/media?parent=3"}],"curies":[{"name":"wp","href":"https:\/\/api.w.org\/{rel}","templated":true}]}}